{"id":25331,"date":"2024-02-13T10:29:57","date_gmt":"2024-02-13T10:29:57","guid":{"rendered":"https:\/\/www.paraplegie.net\/?page_id=25331"},"modified":"2024-04-25T08:51:21","modified_gmt":"2024-04-25T08:51:21","slug":"generisys-v4","status":"publish","type":"page","link":"https:\/\/www.paraplegie.net\/de\/","title":{"rendered":"Accueil"},"content":{"rendered":"\n<div class=\"wp-block-cover is-light bloc1\" style=\"min-height:100vh;aspect-ratio:unset;\"><span aria-hidden=\"true\" class=\"wp-block-cover__background has-background-dim-0 has-background-dim\"><\/span><img loading=\"lazy\" decoding=\"async\" width=\"1920\" height=\"919\" class=\"wp-block-cover__image-background wp-image-25412\" alt=\"\" src=\"https:\/\/www.paraplegie.net\/wp-content\/uploads\/2024\/02\/Paraplegies-2-1.webp\" data-object-fit=\"cover\" srcset=\"https:\/\/www.paraplegie.net\/wp-content\/uploads\/2024\/02\/Paraplegies-2-1.webp 1920w, https:\/\/www.paraplegie.net\/wp-content\/uploads\/2024\/02\/Paraplegies-2-1-300x144.webp 300w, https:\/\/www.paraplegie.net\/wp-content\/uploads\/2024\/02\/Paraplegies-2-1-1024x490.webp 1024w, https:\/\/www.paraplegie.net\/wp-content\/uploads\/2024\/02\/Paraplegies-2-1-768x368.webp 768w, https:\/\/www.paraplegie.net\/wp-content\/uploads\/2024\/02\/Paraplegies-2-1-1536x735.webp 1536w\" sizes=\"auto, (max-width: 1920px) 100vw, 1920px\"><div class=\"wp-block-cover__inner-container has-global-padding is-layout-constrained wp-block-cover-is-layout-constrained\">\n<div class=\"wp-block-group is-content-justification-center is-nowrap is-layout-flex wp-container-core-group-is-layout-23441af8 wp-block-group-is-layout-flex\">\n<div class=\"wp-block-columns is-layout-flex wp-container-core-columns-is-layout-28f84493 wp-block-columns-is-layout-flex\">\n<div class=\"wp-block-column is-layout-flow wp-container-core-column-is-layout-3ca914a4 wp-block-column-is-layout-flow\" style=\"flex-basis:40%\">\n<h1 class=\"wp-block-heading has-text-color has-link-color wp-elements-c407dab4b45a972b18386cb22497ff0f\" style=\"color:#343c5c;font-size:40px\">Querschnittl\u00e4hmung: Ursachen, Symptome, Diagnose &amp; Behandlung<\/h1>\n\n\n\n<p class=\"has-text-color has-link-color wp-elements-3c0c413f9f717c5c6bd9d1a871931363\" style=\"color:#fe5403;font-style:normal;font-weight:600\">Paraplegie ist ein Zustand der L\u00e4hmung der unteren Gliedmassen des menschlichen K\u00f6rpers. Die Ursachen f\u00fcr diese Erkrankung sind vielf\u00e4ltig. Die Verarbeitung erfolgt in verschiedenen und unterschiedlichen Phasen.<\/p>\n<\/div>\n\n\n\n<div class=\"wp-block-column is-layout-flow wp-block-column-is-layout-flow\" style=\"flex-basis:60%\"><\/div>\n<\/div>\n<\/div>\n<\/div><\/div>\n\n\n\n<div style=\"background-image:url('https:\/\/www.paraplegie.net\/wp-content\/uploads\/2024\/02\/home-bg-img.webp');background-size:cover;\" class=\"wp-block-group bloc2 is-vertical is-content-justification-center is-nowrap is-layout-flex wp-container-core-group-is-layout-2f0bb72e wp-block-group-is-layout-flex has-background\">\n<div class=\"wp-block-group container has-global-padding is-layout-constrained wp-container-core-group-is-layout-bdcbbb17 wp-block-group-is-layout-constrained\">\n<h2 class=\"wp-block-heading has-text-color has-link-color wp-elements-d3fddefdefb5f198cf0a4be9b670a86d\" style=\"color:#343c5c;font-size:37px\">Querschnittsgel\u00e4hmte Person: Ursachen &amp; Risikofaktoren<\/h2>\n\n\n\n<hr class=\"wp-block-separator has-text-color has-alpha-channel-opacity has-background deco\" style=\"background-color:#ff6229;color:#ff6229\">\n<\/div>\n\n\n\n<div style=\"height:0px\" aria-hidden=\"true\" class=\"wp-block-spacer wp-container-content-28f0cd9b\"><\/div>\n\n\n\n<div class=\"wp-block-columns container goutiere-2 is-layout-flex wp-container-core-columns-is-layout-28f84493 wp-block-columns-is-layout-flex\">\n<div class=\"wp-block-column col1 is-layout-flow wp-container-core-column-is-layout-343acf9e wp-block-column-is-layout-flow\" style=\"flex-basis:33.33333%\">\n<figure class=\"wp-block-image size-full\"><img loading=\"lazy\" decoding=\"async\" width=\"63\" height=\"59\" src=\"http:\/\/www.paraplegie.net\/wp-content\/uploads\/2024\/02\/1.webp\" alt=\"\" class=\"wp-image-25362\"><\/figure>\n\n\n\n<h3 class=\"wp-block-heading has-text-color has-link-color wp-elements-99d4940c225e2f1c385482d412c309d8\" style=\"color:#343c5c;font-size:17px\">Zentralparaplegie<\/h3>\n\n\n\n<p>Sie entstehen durch das Erreichen der Pyramidenbahn, allgemeiner gesagt des R\u00fcckenmarks.<\/p>\n<\/div>\n\n\n\n<div class=\"wp-block-column col1 is-layout-flow wp-container-core-column-is-layout-343acf9e wp-block-column-is-layout-flow\" style=\"flex-basis:33.333333%\">\n<figure class=\"wp-block-image size-full\"><img loading=\"lazy\" decoding=\"async\" width=\"63\" height=\"59\" src=\"http:\/\/www.paraplegie.net\/wp-content\/uploads\/2024\/02\/2.webp\" alt=\"\" class=\"wp-image-25364\"><\/figure>\n\n\n\n<h3 class=\"wp-block-heading has-text-color has-link-color wp-elements-bffcc07860a7c718caf5de5870df4860\" style=\"color:#343c5c;font-size:17px\">Periphere Querschnittsl\u00e4hmung<\/h3>\n\n\n\n<p>Sie werden durch Sch\u00e4den an den Nervenstrang-Wurzeln verursacht. Diese St\u00f6rungen sind immer verzerrt.<\/p>\n<\/div>\n\n\n\n<div class=\"wp-block-column col1 is-layout-flow wp-container-core-column-is-layout-343acf9e wp-block-column-is-layout-flow\" style=\"flex-basis:33.333333%\">\n<figure class=\"wp-block-image size-full\"><img loading=\"lazy\" decoding=\"async\" width=\"63\" height=\"59\" src=\"http:\/\/www.paraplegie.net\/wp-content\/uploads\/2024\/02\/3-1.webp\" alt=\"\" class=\"wp-image-25368\"><\/figure>\n\n\n\n<h3 class=\"wp-block-heading has-text-color has-link-color wp-elements-579b2c9b838aee7b957f65cf272ac213\" style=\"color:#343c5c;font-size:17px\">Die spastische Paraplegie<\/h3>\n\n\n\n<p>Diese Erkrankungen sind zentralen Ursprungs und zeichnen sich durch eine Dysfunktion der Schliessmuskeln oder Hypertonie aus.<\/p>\n<\/div>\n<\/div>\n\n\n\n<div class=\"wp-block-columns container goutiere-2 is-layout-flex wp-container-core-columns-is-layout-28f84493 wp-block-columns-is-layout-flex\">\n<div class=\"wp-block-column is-layout-flow wp-container-core-column-is-layout-343acf9e wp-block-column-is-layout-flow\" style=\"flex-basis:33.333333%\"><\/div>\n\n\n\n<div class=\"wp-block-column col1 is-layout-flow wp-container-core-column-is-layout-343acf9e wp-block-column-is-layout-flow\" style=\"flex-basis:33.333333%\">\n<figure class=\"wp-block-image size-full\"><img loading=\"lazy\" decoding=\"async\" width=\"63\" height=\"59\" src=\"http:\/\/www.paraplegie.net\/wp-content\/uploads\/2024\/02\/4.webp\" alt=\"\" class=\"wp-image-25370\"><\/figure>\n\n\n\n<h3 class=\"wp-block-heading has-text-color has-link-color wp-elements-d902cfa70e12325d8bab9cb2d12a4d81\" style=\"color:#343c5c;font-size:17px\">Schwabbelige Querschnittsl\u00e4hmung<\/h3>\n\n\n\n<p>Sie sind oft peripheren Ursprungs, k\u00f6nnen aber dennoch aus einer pl\u00f6tzlichen Zentrall\u00e4hmung resultieren.<\/p>\n<\/div>\n\n\n\n<div class=\"wp-block-column col1 is-layout-flow wp-container-core-column-is-layout-343acf9e wp-block-column-is-layout-flow\" style=\"flex-basis:33.333333%\">\n<figure class=\"wp-block-image size-full\"><img loading=\"lazy\" decoding=\"async\" width=\"63\" height=\"59\" src=\"http:\/\/www.paraplegie.net\/wp-content\/uploads\/2024\/02\/5.webp\" alt=\"\" class=\"wp-image-25374\"><\/figure>\n\n\n\n<h3 class=\"wp-block-heading has-text-color has-link-color wp-elements-625129884a0075bffea96de6e0f3e231\" style=\"color:#343c5c;font-size:17px\">Erbliche Querschnittsl\u00e4hmung<\/h3>\n\n\n\n<p>Sie f\u00fchren zu Spastik und fortschreitender Beeintr\u00e4chtigung der unteren Gliedmassen.<\/p>\n<\/div>\n<\/div>\n<\/div>\n\n\n\n<div class=\"wp-block-columns is-layout-flex wp-container-core-columns-is-layout-28f84493 wp-block-columns-is-layout-flex\">\n<div class=\"wp-block-column is-vertically-aligned-center is-layout-flow wp-block-column-is-layout-flow\" style=\"flex-basis:50%\">\n<figure class=\"wp-block-image size-full\"><img loading=\"lazy\" decoding=\"async\" width=\"890\" height=\"647\" src=\"https:\/\/www.paraplegie.net\/wp-content\/uploads\/2024\/02\/Ist-die-Querschnittslahmung.webp\" alt=\"\" class=\"wp-image-25416\" srcset=\"https:\/\/www.paraplegie.net\/wp-content\/uploads\/2024\/02\/Ist-die-Querschnittslahmung.webp 890w, https:\/\/www.paraplegie.net\/wp-content\/uploads\/2024\/02\/Ist-die-Querschnittslahmung-300x218.webp 300w, https:\/\/www.paraplegie.net\/wp-content\/uploads\/2024\/02\/Ist-die-Querschnittslahmung-768x558.webp 768w\" sizes=\"auto, (max-width: 890px) 100vw, 890px\"><\/figure>\n<\/div>\n\n\n\n<div class=\"wp-block-column is-vertically-aligned-center right-part is-layout-flow wp-container-core-column-is-layout-e4d0715d wp-block-column-is-layout-flow\" style=\"padding-right:13%;flex-basis:50%\">\n<h2 class=\"wp-block-heading has-text-color has-link-color wp-elements-db5c9fba8db07e08f2b3bea40ace0ad2\" style=\"color:#343c5c;font-size:34px\">Ist die Querschnittsl\u00e4hmung eine schwere Erkrankung, deren Behandlung lange Zeit in Anspruch nimmt?<\/h2>\n\n\n\n<hr class=\"wp-block-separator has-text-color has-alpha-channel-opacity has-background deco\" style=\"background-color:#ff6229;color:#ff6229\">\n\n\n\n<p>Eine Querschnittsl\u00e4hmung erfordert eine lange Behandlung. Dies kann mehrere Umerziehungskurse beinhalten, um dem Subjekt Autonomie zu erm\u00f6glichen. Die Physiotherapie erm\u00f6glicht unter anderem die Bewegung der Gelenke und die St\u00e4rkung der nicht von L\u00e4hmungen betroffenen Muskeln.<\/p>\n\n\n\n<div class=\"wp-block-columns is-layout-flex wp-container-core-columns-is-layout-28f84493 wp-block-columns-is-layout-flex\">\n<div class=\"wp-block-column col2 has-background is-layout-flow wp-block-column-is-layout-flow\" style=\"background-color:#ff8500;flex-basis:50%\">\n<h3 class=\"wp-block-heading has-text-align-center has-white-color has-text-color has-link-color wp-elements-f27131ae61453355527fbcff3ca5b2de\" style=\"font-size:18px\">Rehabilitationsmassnahmen<\/h3>\n<\/div>\n\n\n\n<div class=\"wp-block-column col3 has-background is-layout-flow wp-block-column-is-layout-flow\" style=\"background-color:#343c5c;flex-basis:50%\">\n<h3 class=\"wp-block-heading has-text-align-center has-white-color has-text-color has-link-color wp-elements-9738b8bf6cca9970425a1398b4613d26\" style=\"font-size:18px\">Physiotherapie-Sitzungen<\/h3>\n<\/div>\n<\/div>\n\n\n\n<div class=\"wp-block-columns is-layout-flex wp-container-core-columns-is-layout-28f84493 wp-block-columns-is-layout-flex\">\n<div class=\"wp-block-column col4 has-background is-layout-flow wp-block-column-is-layout-flow\" style=\"background-color:#f0f2fa;flex-basis:50%\">\n<h3 class=\"wp-block-heading has-text-align-center has-text-color has-link-color wp-elements-4ba02c9586bb1fda42ffef077ff69b2b\" style=\"color:#343c5c;font-size:18px\">Rehabilitationssitzungen im Darm<\/h3>\n<\/div>\n\n\n\n<div class=\"wp-block-column is-layout-flow wp-block-column-is-layout-flow\" style=\"flex-basis:50%\"><\/div>\n<\/div>\n<\/div>\n<\/div>\n\n\n\n<div style=\"background-image:url('http:\/\/www.paraplegie.net\/wp-content\/uploads\/2024\/02\/next-bg.webp');background-size:cover;\" class=\"wp-block-group bloc3 is-vertical is-content-justification-center is-nowrap is-layout-flex wp-container-core-group-is-layout-2f0bb72e wp-block-group-is-layout-flex has-background\">\n<div class=\"wp-block-group container text-center has-global-padding is-layout-constrained wp-container-core-group-is-layout-bdcbbb17 wp-block-group-is-layout-constrained\">\n<h2 class=\"wp-block-heading has-text-align-center has-text-color has-link-color wp-elements-e91a65bc3903bedf53b5c5092e088655\" style=\"color:#343c5c;font-size:37px\">Welche Komplikationen verursacht <br>eine Querschnittsl\u00e4hmung?<\/h2>\n\n\n\n<hr class=\"wp-block-separator has-text-color has-alpha-channel-opacity has-background hr-centre\" style=\"background-color:#ff6229;color:#ff6229\">\n\n\n\n<p class=\"has-text-align-center\">Komplikationen der Querschnittsl\u00e4hmung: Druckstellen, Gelenkerkrankungen <br>im Zusammenhang mit der Ruhigstellung und Harn-\/Darmkomplikationen durch Schliessmuskelerkrankungen.<\/p>\n<\/div>\n\n\n\n<div style=\"height:0px\" aria-hidden=\"true\" class=\"wp-block-spacer wp-container-content-28f0cd9b\"><\/div>\n\n\n\n<div class=\"wp-block-columns container goutiere-2 is-layout-flex wp-container-core-columns-is-layout-28f84493 wp-block-columns-is-layout-flex\">\n<div class=\"wp-block-column is-vertically-aligned-center col-box has-base-2-background-color has-background is-layout-flow wp-block-column-is-layout-flow\">\n<figure class=\"wp-block-image size-full\"><img loading=\"lazy\" decoding=\"async\" width=\"622\" height=\"420\" src=\"https:\/\/www.paraplegie.net\/wp-content\/uploads\/2024\/02\/Harnwegskomplikationen.webp\" alt=\"\" class=\"wp-image-25386\" srcset=\"https:\/\/www.paraplegie.net\/wp-content\/uploads\/2024\/02\/Harnwegskomplikationen.webp 622w, https:\/\/www.paraplegie.net\/wp-content\/uploads\/2024\/02\/Harnwegskomplikationen-300x203.webp 300w\" sizes=\"auto, (max-width: 622px) 100vw, 622px\"><\/figure>\n<\/div>\n\n\n\n<div class=\"wp-block-column is-vertically-aligned-center is-layout-flow wp-block-column-is-layout-flow\">\n<h3 class=\"wp-block-heading has-text-color has-link-color wp-elements-7b861ff3e89f32659eb5da0d679d2d6c\" style=\"color:#ff6229\">Harnwegskomplikationen &amp; -st\u00f6rungen<\/h3>\n\n\n\n<p>Sie f\u00fchren zu Schwierigkeiten bei der Entleerung des Urins durch nat\u00fcrliche Kan\u00e4le. Der Patient hat Schwierigkeiten beim Wasserlassen unter guten Bedingungen. Bei Frauen vermeidet die Selbstuntersuchung das Risiko einer Infektion und Stillstand.<\/p>\n<\/div>\n<\/div>\n\n\n\n<div style=\"height:0px\" aria-hidden=\"true\" class=\"wp-block-spacer wp-container-content-28f0cd9b\"><\/div>\n\n\n\n<div class=\"wp-block-columns container goutiere-2 is-layout-flex wp-container-core-columns-is-layout-28f84493 wp-block-columns-is-layout-flex\">\n<div class=\"wp-block-column is-vertically-aligned-center is-layout-flow wp-block-column-is-layout-flow\">\n<h3 class=\"wp-block-heading has-text-color has-link-color wp-elements-76975551d2825092fac90dfcb152d809\" style=\"color:#ff6229\">Darmkomplikationen und -st\u00f6rungen<\/h3>\n\n\n\n<p>Sie zeichnen sich durch eine ano-rektale Evakuierungsschwierigkeit aus. Diese St\u00f6rungen m\u00fcssen behandelt werden, um dem Patienten ein besseres ano-rektales Gleichgewicht zu erm\u00f6glichen. Ein Verdauungsmotor-Regler kann vom behandelnden Arzt bei Verstopfung verschrieben werden.<\/p>\n<\/div>\n\n\n\n<div class=\"wp-block-column is-vertically-aligned-center col-box has-base-2-background-color has-background is-layout-flow wp-block-column-is-layout-flow\">\n<figure class=\"wp-block-image size-full\"><img loading=\"lazy\" decoding=\"async\" width=\"622\" height=\"420\" src=\"https:\/\/www.paraplegie.net\/wp-content\/uploads\/2024\/02\/Darmkomplikationen-und.webp\" alt=\"\" class=\"wp-image-25388\" srcset=\"https:\/\/www.paraplegie.net\/wp-content\/uploads\/2024\/02\/Darmkomplikationen-und.webp 622w, https:\/\/www.paraplegie.net\/wp-content\/uploads\/2024\/02\/Darmkomplikationen-und-300x203.webp 300w\" sizes=\"auto, (max-width: 622px) 100vw, 622px\"><\/figure>\n<\/div>\n<\/div>\n\n\n\n<div style=\"height:0px\" aria-hidden=\"true\" class=\"wp-block-spacer wp-container-content-28f0cd9b\"><\/div>\n\n\n\n<div class=\"wp-block-columns container goutiere-2 is-layout-flex wp-container-core-columns-is-layout-28f84493 wp-block-columns-is-layout-flex\">\n<div class=\"wp-block-column is-vertically-aligned-center col-box has-base-2-background-color has-background is-layout-flow wp-block-column-is-layout-flow\">\n<figure class=\"wp-block-image size-full\"><img loading=\"lazy\" decoding=\"async\" width=\"622\" height=\"420\" src=\"https:\/\/www.paraplegie.net\/wp-content\/uploads\/2024\/02\/Genito-sexuelle-Komplikationen.webp\" alt=\"\" class=\"wp-image-25391\" srcset=\"https:\/\/www.paraplegie.net\/wp-content\/uploads\/2024\/02\/Genito-sexuelle-Komplikationen.webp 622w, https:\/\/www.paraplegie.net\/wp-content\/uploads\/2024\/02\/Genito-sexuelle-Komplikationen-300x203.webp 300w\" sizes=\"auto, (max-width: 622px) 100vw, 622px\"><\/figure>\n<\/div>\n\n\n\n<div class=\"wp-block-column is-vertically-aligned-center is-layout-flow wp-block-column-is-layout-flow\">\n<h3 class=\"wp-block-heading has-text-color has-link-color wp-elements-3a84284d13cecc39ef5d50af371f5187\" style=\"color:#ff6229\">Genito-sexuelle Komplikationen &amp; St\u00f6rungen<\/h3>\n\n\n\n<p>Diese St\u00f6rungen dominieren oft bei M\u00e4nnern. Der Patient hat grosse Schwierigkeiten bei einer Reflexerektion und beim Ejakulieren. Bei Frauen sind unregelm\u00e4ssige Menstruationszyklen, Fruchtbarkeitsst\u00f6rungen und perineale Empfindlichkeit die h\u00e4ufigsten.<\/p>\n<\/div>\n<\/div>\n<\/div>\n\n\n\n<div style=\"height:80px\" aria-hidden=\"true\" class=\"wp-block-spacer\"><\/div>\n\n\n\n<div style=\"background-image:url('https:\/\/www.paraplegie.net\/wp-content\/uploads\/2024\/02\/home-bg-foot.webp');background-size:cover;\" class=\"wp-block-group last-bloc is-layout-flow wp-block-group-is-layout-flow has-background\">\n<div class=\"wp-block-columns container goutiere-2 is-layout-flex wp-container-core-columns-is-layout-28f84493 wp-block-columns-is-layout-flex\">\n<div class=\"wp-block-column is-vertically-aligned-bottom is-layout-flow wp-block-column-is-layout-flow\">\n<figure class=\"wp-block-image aligncenter size-full\"><img loading=\"lazy\" decoding=\"async\" width=\"475\" height=\"743\" src=\"https:\/\/www.paraplegie.net\/wp-content\/uploads\/2024\/02\/personnes-paraplegiques-1.webp\" alt=\"\" class=\"wp-image-25396\" srcset=\"https:\/\/www.paraplegie.net\/wp-content\/uploads\/2024\/02\/personnes-paraplegiques-1.webp 475w, https:\/\/www.paraplegie.net\/wp-content\/uploads\/2024\/02\/personnes-paraplegiques-1-192x300.webp 192w\" sizes=\"auto, (max-width: 475px) 100vw, 475px\"><\/figure>\n<\/div>\n\n\n\n<div class=\"wp-block-column is-vertically-aligned-center has-base-2-background-color has-background is-layout-flow wp-container-core-column-is-layout-e3ce0adc wp-block-column-is-layout-flow\" style=\"padding-top:60px;padding-right:40px;padding-bottom:40px;padding-left:40px\">\n<div class=\"wp-block-group is-nowrap is-layout-flex wp-container-core-group-is-layout-6c531013 wp-block-group-is-layout-flex\">\n<figure class=\"wp-block-image size-full\"><img loading=\"lazy\" decoding=\"async\" width=\"70\" height=\"70\" src=\"https:\/\/www.paraplegie.net\/wp-content\/uploads\/2024\/02\/Alltag-von-Querschnittsgelaehmten.webp\" alt=\"\" class=\"wp-image-25394\"><\/figure>\n\n\n\n<h3 class=\"wp-block-heading has-text-color has-link-color wp-elements-662237d618a859bf112f1af0a6a39c7e\" style=\"color:#ff6229;font-size:19px\">Alltag von Querschnittsgel\u00e4hmten: Welche Schwierigkeiten haben sie?<\/h3>\n<\/div>\n\n\n\n<p>Unannehmlichkeiten beruhen haupts\u00e4chlich auf Mobilit\u00e4t und der Verbindung zur Aussenwelt. Eine querschnittsgel\u00e4hmte Person verbringt die meiste Zeit auf einem Stuhl. Sie hat Schwierigkeiten, allt\u00e4gliche Gesten auszuf\u00fchren.<\/p>\n<\/div>\n<\/div>\n<\/div>\n","protected":false},"excerpt":{"rendered":"<p>Querschnittsgel\u00e4hmte Person: Ursachen &amp; Risikofaktoren Zentralparaplegie Sie entstehen durch das Erreichen der Pyramidenbahn, allgemeiner gesagt des R\u00fcckenmarks. Periphere Querschnittsl\u00e4hmung Sie werden durch Sch\u00e4den an den Nervenstrang-Wurzeln verursacht. Diese St\u00f6rungen sind immer verzerrt. Die spastische Paraplegie Diese Erkrankungen sind zentralen Ursprungs&#8230;<\/p>\n","protected":false},"author":1,"featured_media":0,"parent":0,"menu_order":0,"comment_status":"closed","ping_status":"closed","template":"","meta":{"footnotes":""},"class_list":["post-25331","page","type-page","status-publish","hentry"],"_links":{"self":[{"href":"https:\/\/www.paraplegie.net\/de\/wp-json\/wp\/v2\/pages\/25331","targetHints":{"allow":["GET"]}}],"collection":[{"href":"https:\/\/www.paraplegie.net\/de\/wp-json\/wp\/v2\/pages"}],"about":[{"href":"https:\/\/www.paraplegie.net\/de\/wp-json\/wp\/v2\/types\/page"}],"author":[{"embeddable":true,"href":"https:\/\/www.paraplegie.net\/de\/wp-json\/wp\/v2\/users\/1"}],"replies":[{"embeddable":true,"href":"https:\/\/www.paraplegie.net\/de\/wp-json\/wp\/v2\/comments?post=25331"}],"version-history":[{"count":21,"href":"https:\/\/www.paraplegie.net\/de\/wp-json\/wp\/v2\/pages\/25331\/revisions"}],"predecessor-version":[{"id":25461,"href":"https:\/\/www.paraplegie.net\/de\/wp-json\/wp\/v2\/pages\/25331\/revisions\/25461"}],"wp:attachment":[{"href":"https:\/\/www.paraplegie.net\/de\/wp-json\/wp\/v2\/media?parent=25331"}],"curies":[{"name":"wp","href":"https:\/\/api.w.org\/{rel}","templated":true}]}}